{"id":2,"date":"2022-07-26T11:58:29","date_gmt":"2022-07-26T11:58:29","guid":{"rendered":"http:\/\/localhost\/wordpress\/?page_id=2"},"modified":"2023-03-20T09:38:41","modified_gmt":"2023-03-20T09:38:41","slug":"sample-page","status":"publish","type":"page","link":"https:\/\/www.parkovistesporilov.cz\/?page_id=2","title":{"rendered":"Kontakt"},"content":{"rendered":"\n<p><\/p>\n\n\n\n<p class=\"has-x-large-font-size\"><strong>tel: 602141014<\/strong><\/p>\n\n\n\n<p class=\"has-large-font-size\"><strong>email: rezervace@parkovistesporilov.cz<\/strong><\/p>\n\n\n\n<p class=\"has-large-font-size\"><strong><mark style=\"background-color:rgba(0, 0, 0, 0)\" class=\"has-inline-color has-foreground-color\">Zaparkujte na hl\u00eddan\u00e9m parkovi\u0161ti v bl\u00edzkosti sv\u00e9ho <\/mark>domova<\/strong><\/p>\n","protected":false},"excerpt":{"rendered":"<p>tel: 602141014 email: rezervace@parkovistesporilov.cz Zaparkujte na hl\u00eddan\u00e9m parkovi\u0161ti v bl\u00edzkosti sv\u00e9ho domova<\/p>\n","protected":false},"author":1,"featured_media":0,"parent":0,"menu_order":0,"comment_status":"closed","ping_status":"open","template":"","meta":{"footnotes":""},"class_list":["post-2","page","type-page","status-publish","hentry"],"_links":{"self":[{"href":"https:\/\/www.parkovistesporilov.cz\/index.php?rest_route=\/wp\/v2\/pages\/2","targetHints":{"allow":["GET"]}}],"collection":[{"href":"https:\/\/www.parkovistesporilov.cz\/index.php?rest_route=\/wp\/v2\/pages"}],"about":[{"href":"https:\/\/www.parkovistesporilov.cz\/index.php?rest_route=\/wp\/v2\/types\/page"}],"author":[{"embeddable":true,"href":"https:\/\/www.parkovistesporilov.cz\/index.php?rest_route=\/wp\/v2\/users\/1"}],"replies":[{"embeddable":true,"href":"https:\/\/www.parkovistesporilov.cz\/index.php?rest_route=%2Fwp%2Fv2%2Fcomments&post=2"}],"version-history":[{"count":5,"href":"https:\/\/www.parkovistesporilov.cz\/index.php?rest_route=\/wp\/v2\/pages\/2\/revisions"}],"predecessor-version":[{"id":42,"href":"https:\/\/www.parkovistesporilov.cz\/index.php?rest_route=\/wp\/v2\/pages\/2\/revisions\/42"}],"wp:attachment":[{"href":"https:\/\/www.parkovistesporilov.cz\/index.php?rest_route=%2Fwp%2Fv2%2Fmedia&parent=2"}],"curies":[{"name":"wp","href":"https:\/\/api.w.org\/{rel}","templated":true}]}}